{"id":456,"date":"2025-12-03T18:56:33","date_gmt":"2025-12-03T18:56:33","guid":{"rendered":"https:\/\/ian-lambert.com\/?page_id=456"},"modified":"2025-12-03T19:03:23","modified_gmt":"2025-12-03T19:03:23","slug":"aviso-legal","status":"publish","type":"page","link":"https:\/\/ian-lambert.com\/en\/aviso-legal\/","title":{"rendered":"Aviso Legal"},"content":{"rendered":"<p><strong>1. Titularidad de la P\u00e1gina Web<\/strong><\/p>\n\n\n\n<p>Las presentes Condiciones (en adelante denominadas AVISO LEGAL) tienen por objeto regular<\/p>\n\n\n\n<p>el uso del servicio de esta Web www.fdepartment.com, as\u00ed como del resto de webs titularidad<\/p>\n\n\n\n<p>de BORN BCN S.L. (en adelante, LA EMPRESA), por favor dedique unos minutos a<\/p>\n\n\n\n<p>leerlas.<\/p>\n\n\n\n<p>Esta p\u00e1gina Web es propiedad de BORN BCN S.L., con CIF B-65938797 y<\/p>\n\n\n\n<p>domicilio social situado en C\/ Sant Valent\u00ed, 8 08302 Matar\u00f3).<\/p>\n\n\n\n<p>Para cualquier consulta, cont\u00e1ctenos llamando al tel\u00e9fono &nbsp;93 757 13 09 o v\u00eda email a<\/p>\n\n\n\n<p>joan@ian-lambert.com<\/p>\n\n\n\n<p>La utilizaci\u00f3n la Web atribuye la condici\u00f3n de USUARIO e implica la aceptaci\u00f3n expresa, plena<\/p>\n\n\n\n<p>y sin reserva de todas las condiciones y t\u00e9rminos de uso incluidas en este Aviso Legal. La<\/p>\n\n\n\n<p>prestaci\u00f3n del servicio de la Web tiene una duraci\u00f3n limitada al momento en el que el<\/p>\n\n\n\n<p>USUARIO se encuentre conectado a la misma. Por tanto, el USUARIO debe leer atentamente<\/p>\n\n\n\n<p>el presente Aviso Legal en cada una de las ocasiones en que se proponga utilizar la Web, ya<\/p>\n\n\n\n<p>que \u00e9ste y sus condiciones de uso recogidas en el presente Aviso Legal pueden sufrir<\/p>\n\n\n\n<p>modificaciones.<\/p>\n\n\n\n<p><strong>2. Derechos de Propiedad intelectual e industrial<\/strong><\/p>\n\n\n\n<p>Todos los contenidos de esta Web, entendiendo por estos a t\u00edtulo meramente enunciativo los<\/p>\n\n\n\n<p>textos, fotos, gr\u00e1ficos, im\u00e1genes, iconos, links y cualquiera otros contenidos audiovisuales o<\/p>\n\n\n\n<p>sonoros, as\u00ed como su dise\u00f1o gr\u00e1fico (en adelante, los CONTENIDOS), son propiedad<\/p>\n\n\n\n<p>intelectual de LA EMPRESA o de terceros que han autorizado debidamente su inclusi\u00f3n en la<\/p>\n\n\n\n<p>web, sin que puedan entenderse cedidos al USUARIO ninguno de los derechos de explotaci\u00f3n<\/p>\n\n\n\n<p>sobre los mismos m\u00e1s all\u00e1 de lo estrictamente necesario para el correcto uso de la Web.<\/p>\n\n\n\n<p>Las marcas, nombres comerciales o signos distintivos son titularidad de LA EMPRESA o<\/p>\n\n\n\n<p>terceros, sin que pueda entenderse que el acceso a la Web atribuya ning\u00fan derecho sobre las<\/p>\n\n\n\n<p>citadas marcas, nombres comerciales y\/o signos distintivos.<\/p>\n\n\n\n<p><strong>3. Condiciones de uso de la Web<\/strong><\/p>\n\n\n\n<p><strong>A.- Sobre el Uso<\/strong><\/p>\n\n\n\n<p>El USUARIO se obliga a hacer un uso correcto de la Web de conformidad con la Ley y el<\/p>\n\n\n\n<p>presente Aviso Legal. El USUARIO responder\u00e1 frente a LA EMPRESA o frente a terceros, de<\/p>\n\n\n\n<p>cualesquiera da\u00f1os y perjuicios que pudieran causarse como consecuencia del incumplimiento<\/p>\n\n\n\n<p>de dicha obligaci\u00f3n.<\/p>\n\n\n\n<p>Queda expresamente prohibido el uso de la Web con fines lesivos de bienes o intereses de LA<\/p>\n\n\n\n<p>EMPRESA o de terceros o que de cualquier otra forma sobrecarguen, da\u00f1en o inutilicen las<\/p>\n\n\n\n<p>redes, servidores y dem\u00e1s equipos inform\u00e1ticos (hardware) o productos y aplicaciones<\/p>\n\n\n\n<p>inform\u00e1ticas (software) de LA EMPRESA o de terceros.<\/p>\n\n\n\n<p><strong>B.- Sobre los Contenidos<\/strong><\/p>\n\n\n\n<p>El USUARIO se compromete a utilizar los Contenidos de conformidad con la Ley y el presente<\/p>\n\n\n\n<p>Aviso Legal, as\u00ed como con las dem\u00e1s condiciones, reglamentos e instrucciones que en su caso<\/p>\n\n\n\n<p>pudieran ser de aplicaci\u00f3n de conformidad con lo dispuesto en el apartado 1.<\/p>\n\n\n\n<p>Con car\u00e1cter meramente enunciativo, el USUARIO de acuerdo con la legislaci\u00f3n vigente<\/p>\n\n\n\n<p>deber\u00e1 abstenerse de:<\/p>\n\n\n\n<p>\u2022 Reproducir, copiar, distribuir, poner a disposici\u00f3n, comunicar p\u00fablicamente, transformar o<\/p>\n\n\n\n<p>modificar los Contenidos salvo en los casos autorizados en la ley o expresamente consentidos<\/p>\n\n\n\n<p>por LA EMPRESA o por quien ostente la titularidad de los derechos de explotaci\u00f3n en su caso.<\/p>\n\n\n\n<p>\u2022 Reproducir o copiar para uso privado los Contenidos que puedan ser considerados como<\/p>\n\n\n\n<p>Software o Base de Datos de conformidad con la legislaci\u00f3n vigente en materia de propiedad<\/p>\n\n\n\n<p>intelectual, as\u00ed como su comunicaci\u00f3n p\u00fablica o puesta a disposici\u00f3n de terceros cuando estos<\/p>\n\n\n\n<p>actos impliquen necesariamente la reproducci\u00f3n por parte del USUARIO o de un tercero.<\/p>\n\n\n\n<p>\u2022 Extraer y\/o reutilizar la totalidad o una parte sustancial de los Contenidos integrantes de la<\/p>\n\n\n\n<p>web as\u00ed como de las bases de datos que LA EMPRESA ponga a disposici\u00f3n de los<\/p>\n\n\n\n<p>USUARIOS.<\/p>\n\n\n\n<p><strong>C.- Sobre el formulario de recogida de datos<\/strong><\/p>\n\n\n\n<p>Toda la informaci\u00f3n que facilite el USUARIO a trav\u00e9s de los formularios de la Web a los efectos<\/p>\n\n\n\n<p>anteriores o cualesquiera otros deber\u00e1 ser cierta. A estos efectos, el USUARIO garantiza la<\/p>\n\n\n\n<p>autenticidad de todos aquellos datos que comunique y mantendr\u00e1 la informaci\u00f3n facilitada a LA<\/p>\n\n\n\n<p>EMPRESA perfectamente actualizada de forma que responda, en todo momento, a la situaci\u00f3n<\/p>\n\n\n\n<p>real del USUARIO. En todo caso ser\u00e1 el USUARIO el \u00fanico responsable de las<\/p>\n\n\n\n<p>manifestaciones falsas o inexactas que realice y de los perjuicios que cause a LA EMPRESA o<\/p>\n\n\n\n<p>a terceros por la informaci\u00f3n que facilite.<\/p>\n\n\n\n<p>El USUARIO se compromete a custodiar adecuadamente los datos identificativos<\/p>\n\n\n\n<p>(USUARIO\u2013Contrase\u00f1a) para el acceso a los servicios ofertados en la web, comprometi\u00e9ndose<\/p>\n\n\n\n<p>a no ceder su uso ni permitir el acceso a terceros. El USUARIO ser\u00e1 responsable por los da\u00f1os<\/p>\n\n\n\n<p>y perjuicios que pudieran derivarse de un uso indebido de los mismos.<\/p>\n\n\n\n<p><strong>4. Exclusi\u00f3n de responsabilidad<\/strong><\/p>\n\n\n\n<p><strong>A.- Sobre la Informaci\u00f3n<\/strong><\/p>\n\n\n\n<p>El acceso a la Web no implica de ninguna forma la obligaci\u00f3n por parte de LA EMPRESA de<\/p>\n\n\n\n<p>comprobar la veracidad, exactitud, adecuaci\u00f3n, idoneidad, exhaustividad y actualidad de los<\/p>\n\n\n\n<p>datos suministrados a trav\u00e9s de la misma.<\/p>\n\n\n\n<p>LA EMPRESA no se responsabiliza de las decisiones tomadas a partir de la informaci\u00f3n<\/p>\n\n\n\n<p>suministrada en la Web ni de los da\u00f1os y perjuicios producidos en el USUARIO o terceros con<\/p>\n\n\n\n<p>motivo de actuaciones que tengan como \u00fanico fundamento la informaci\u00f3n obtenida en la Web.<\/p>\n\n\n\n<p><strong>B.- De los servicios<\/strong><\/p>\n\n\n\n<p>El acceso a la Web no implica la obligaci\u00f3n por parte de LA EMPRESA de controlar la ausencia<\/p>\n\n\n\n<p>de virus o cualquiera otro programa o sistema da\u00f1ino. Correspondiendo al USUARIO la<\/p>\n\n\n\n<p>disponibilidad de herramientas adecuadas para la detecci\u00f3n y desinfecci\u00f3n de programas<\/p>\n\n\n\n<p>inform\u00e1ticos da\u00f1inos.<\/p>\n\n\n\n<p>LA EMPRESA no se responsabiliza de los da\u00f1os producidos en los equipos inform\u00e1ticos de los<\/p>\n\n\n\n<p>USUARIOS o de terceros durante la prestaci\u00f3n del servicio de la Web.<\/p>\n\n\n\n<p>El establecimiento de enlaces no implica la existencia de relaciones entre LA EMPRESA y el<\/p>\n\n\n\n<p>propietario de la p\u00e1gina web en la que se establezca.<\/p>\n\n\n\n<p><strong>C.- De la disponibilidad de la Web<\/strong><\/p>\n\n\n\n<p>El acceso a la Web requiere de servicios y suministros de terceros, incluidos el transporte a<\/p>\n\n\n\n<p>trav\u00e9s de redes de telecomunicaciones cuya fiabilidad, calidad, continuidad y funcionamiento<\/p>\n\n\n\n<p>no corresponde a LA EMPRESA. Por consiguiente, los servicios prove\u00eddos a trav\u00e9s de la Web<\/p>\n\n\n\n<p>pueden ser suspendidos, cancelados o resultar inaccesibles para los USUARIOS.<\/p>\n\n\n\n<p>LA EMPRESA no se responsabiliza de los da\u00f1os o perjuicios de cualquier tipo producidos al<\/p>\n\n\n\n<p>USUARIO que traigan causa de fallos o desconexiones en las redes de telecomunicaciones<\/p>\n\n\n\n<p>que produzcan la suspensi\u00f3n, cancelaci\u00f3n o interrupci\u00f3n del servicio de la Web durante la<\/p>\n\n\n\n<p>prestaci\u00f3n del mismo o con car\u00e1cter previo.<\/p>\n\n\n\n<p>LA EMPRESA queda exonerada de cualquier responsabilidad derivada de cualquier<\/p>\n\n\n\n<p>reclamaci\u00f3n, incluido el pago de honorarios a abogados por demandas y reclamaciones de<\/p>\n\n\n\n<p>terceros por el incumplimiento por parte del USUARIO de nuestro Aviso Legal, Pol\u00edtica de<\/p>\n\n\n\n<p>privacidad o por cualquier incumplimiento de la legislaci\u00f3n vigente.<\/p>\n\n\n\n<p><strong>5. Protecci\u00f3n de datos de car\u00e1cter personal<\/strong><\/p>\n\n\n\n<p>A trav\u00e9s de su web, BORN BCN S.L. pone a disposici\u00f3n de los USUARIOS<\/p>\n\n\n\n<p>formularios de contacto, mediante los cuales, los interesados nos env\u00edan sus datos personales,<\/p>\n\n\n\n<p>con la finalidad de que podamos gestionar sus consultas o solicitudes de informaci\u00f3n,<\/p>\n\n\n\n<p>relacionada con nuestras ofertas de trabajo y con los diversos servicios ofrecidos por Born BCN S.L.<\/p>\n\n\n\n<p>Mediante esta v\u00eda de comunicaci\u00f3n el USUARIO facilita sus datos de car\u00e1cter personal y<\/p>\n\n\n\n<p>requiere la aceptaci\u00f3n expresa de nuestra Pol\u00edtica de privacidad (consultar para m\u00e1s<\/p>\n\n\n\n<p>informaci\u00f3n), el USUARIO garantiza que los datos que nos facilita son veraces.<\/p>\n\n\n\n<p>La EMPRESA guardar\u00e1 los datos personales que reciba de los USUARIOS a trav\u00e9s de la<\/p>\n\n\n\n<p>p\u00e1gina web en total secreto, garantizando su confidencialidad, y adoptar\u00e1 las medidas t\u00e9cnicas<\/p>\n\n\n\n<p>necesarias para evitar cualquier alteraci\u00f3n, p\u00e9rdida, mal uso, o acceso no autorizado a estos<\/p>\n\n\n\n<p>datos. As\u00ed mismo, estos datos no ser\u00e1n cedidos, ni se dar\u00e1 acceso a terceras personas sin<\/p>\n\n\n\n<p>autorizaci\u00f3n expresa de los titulares de los mismos. \u00danicamente se comunicar\u00e1n sus datos a<\/p>\n\n\n\n<p>terceras empresas, si su intervenci\u00f3n es necesaria para satisfacer la solicitud que Ud. nos ha<\/p>\n\n\n\n<p>enviado.<\/p>\n\n\n\n<p><strong>6. Pol\u00edtica de cookies<\/strong><\/p>\n\n\n\n<p>Para m\u00e1s informaci\u00f3n puede consultar nuestra pol\u00edtica de cookies.<\/p>\n\n\n\n<p>7. Uso de menores de 14 a\u00f1os<\/p>\n\n\n\n<p>La presente web NO est\u00e1 dirigida a menores de 14 a\u00f1os, en consecuencia, deber\u00e1n<\/p>\n\n\n\n<p>abstenerse de facilitar cualquier informaci\u00f3n de car\u00e1cter personal.<\/p>\n\n\n\n<p>8. Legislaci\u00f3n aplicable<\/p>\n\n\n\n<p>El presente Aviso Legal y sus consecuencias se regir\u00e1n en todo caso por la legislaci\u00f3n<\/p>\n\n\n\n<p>espa\u00f1ola que est\u00e9 en vigor en cada momento.<\/p>\n\n\n\n<p>En el caso de que se produzca cualquier tipo de discrepancia \u00f3 diferencia entre las partes, se<\/p>\n\n\n\n<p>someter\u00e1n a los Juzgados y Tribunales de Barcelona.<\/p>","protected":false},"excerpt":{"rendered":"<p>1. Titularidad de la P\u00e1gina Web Las presentes Condiciones (en adelante denominadas AVISO LEGAL) tienen por objeto regular el uso del servicio de esta Web www.fdepartment.com, as\u00ed como del resto de webs titularidad de BORN BCN S.L. (en adelante, LA EMPRESA), por favor dedique unos minutos a leerlas. Esta p\u00e1gina Web es propiedad de BORN [&hellip;]<\/p>","protected":false},"author":1,"featured_media":0,"parent":0,"menu_order":0,"comment_status":"closed","ping_status":"closed","template":"","meta":{"_et_pb_use_builder":"off","_et_pb_old_content":"","_et_gb_content_width":"","footnotes":""},"class_list":["post-456","page","type-page","status-publish","hentry"],"_links":{"self":[{"href":"https:\/\/ian-lambert.com\/en\/wp-json\/wp\/v2\/pages\/456","targetHints":{"allow":["GET"]}}],"collection":[{"href":"https:\/\/ian-lambert.com\/en\/wp-json\/wp\/v2\/pages"}],"about":[{"href":"https:\/\/ian-lambert.com\/en\/wp-json\/wp\/v2\/types\/page"}],"author":[{"embeddable":true,"href":"https:\/\/ian-lambert.com\/en\/wp-json\/wp\/v2\/users\/1"}],"replies":[{"embeddable":true,"href":"https:\/\/ian-lambert.com\/en\/wp-json\/wp\/v2\/comments?post=456"}],"version-history":[{"count":2,"href":"https:\/\/ian-lambert.com\/en\/wp-json\/wp\/v2\/pages\/456\/revisions"}],"predecessor-version":[{"id":459,"href":"https:\/\/ian-lambert.com\/en\/wp-json\/wp\/v2\/pages\/456\/revisions\/459"}],"wp:attachment":[{"href":"https:\/\/ian-lambert.com\/en\/wp-json\/wp\/v2\/media?parent=456"}],"curies":[{"name":"wp","href":"https:\/\/api.w.org\/{rel}","templated":true}]}}