{"id":3,"date":"2024-03-01T11:19:19","date_gmt":"2024-03-01T11:19:19","guid":{"rendered":"https:\/\/ian-lambert.com\/?page_id=3"},"modified":"2025-12-03T18:48:08","modified_gmt":"2025-12-03T18:48:08","slug":"privacy-policy","status":"publish","type":"page","link":"https:\/\/ian-lambert.com\/en\/privacy-policy\/","title":{"rendered":"Pol\u00edtica de privacidad"},"content":{"rendered":"<p>La confidencialidad, la seguridad de la informaci\u00f3n y la protecci\u00f3n de datos de car\u00e1cter<\/p>\n\n\n\n<p>personal son valores fundamentales en la entidad BORN BCN S.L. Por este<\/p>\n\n\n\n<p>motivo, les facilitamos la informaci\u00f3n de nuestra pol\u00edtica de privacidad:<\/p>\n\n\n\n<p>\u2022 Qui\u00e9n es el Responsable del tratamiento de sus datos.<\/p>\n\n\n\n<p>\u2022 La legitimaci\u00f3n del tratamiento.<\/p>\n\n\n\n<p>\u2022 Para qu\u00e9 finalidades recabamos sus datos.<\/p>\n\n\n\n<p>\u2022 Durante cu\u00e1nto tiempo conservamos sus datos.<\/p>\n\n\n\n<p>\u2022 A qu\u00e9 destinatarios comunicamos los datos.<\/p>\n\n\n\n<p>\u2022 Cu\u00e1les son sus derechos.<\/p>\n\n\n\n<p>BORN BCN S.L. se obliga a cumplir la legislaci\u00f3n vigente en materia de<\/p>\n\n\n\n<p>protecci\u00f3n de datos personales contenida en el Reglamento General RGPD 2016\/679 UE y<\/p>\n\n\n\n<p>en la Ley de servicios de seguridad de la informaci\u00f3n LSSI 34\/2002.<\/p>\n\n\n\n<p><strong>1. Responsable del tratamiento:<\/strong><\/p>\n\n\n\n<p>BORN BCN S.L. con CIF: B-65938797<\/p>\n\n\n\n<p>Direcci\u00f3n postal: C\/ Sant Valent\u00ed, 8 08302 Matar\u00f3<\/p>\n\n\n\n<p>Tel: 93 757 13 09<\/p>\n\n\n\n<p>email: joan@ian-lambert.com<\/p>\n\n\n\n<p><strong>2. Legitimaci\u00f3n del Tratamiento:<\/strong><\/p>\n\n\n\n<p>La base de legitimaci\u00f3n del tratamiento de los datos es el consentimiento del usuario al<\/p>\n\n\n\n<p>cumplimentar los formularios, aceptar el tratamiento de datos para las finalidades indicadas<\/p>\n\n\n\n<p>en cada caso y aceptar nuestra pol\u00edtica de privacidad.<\/p>\n\n\n\n<p><strong>3. Finalidad del Tratamiento:<\/strong><\/p>\n\n\n\n<p>Los datos personales ser\u00e1n exclusivamente utilizados para los fines expuestos en los<\/p>\n\n\n\n<p>formularios de recogida de datos.<\/p>\n\n\n\n<p>Los datos de car\u00e1cter personal que nos proporcione a trav\u00e9s de los formularios, del env\u00edo de<\/p>\n\n\n\n<p>correos electr\u00f3nicos, as\u00ed como los datos a los que BORN BCN S.L. acceda como<\/p>\n\n\n\n<p>consecuencia de su navegaci\u00f3n, consultas o solicitudes realizadas a trav\u00e9s del sitio web,<\/p>\n\n\n\n<p>ser\u00e1n recogidos en un fichero responsabilidad de BORN BCN S.L. El prop\u00f3sito<\/p>\n\n\n\n<p>es atender consultas o solicitudes, as\u00ed como elaborar su perfil de usuario sobre la base de<\/p>\n\n\n\n<p>sus h\u00e1bitos de navegaci\u00f3n a fin de mantenerlo informado sobre los bienes y servicios que<\/p>\n\n\n\n<p>puedan resultar de su inter\u00e9s.<\/p>\n\n\n\n<p><strong>4. Conservaci\u00f3n de los datos:<\/strong><\/p>\n\n\n\n<p>Sus datos se conservar\u00e1n mientras dure la finalidad para la que fueron recabados y no se<\/p>\n\n\n\n<p>solicite su supresi\u00f3n o revocaci\u00f3n.<\/p>\n\n\n\n<p>Sin perjuicio de su conservaci\u00f3n para la puesta a disposici\u00f3n de las autoridades competentes<\/p>\n\n\n\n<p>por el cumplimiento de obligaciones legales.<\/p>\n\n\n\n<p><strong>5. Destinatarios de los datos:<\/strong><\/p>\n\n\n\n<p>Sus datos no ser\u00e1n comunicados a terceros salvo a nuestras empresas asociadas y por el<\/p>\n\n\n\n<p>cumplimiento de obligaciones legales.<\/p>\n\n\n\n<p>En algunos casos se dar\u00e1 acceso a sus datos a determinados proveedores que prestan<\/p>\n\n\n\n<p>servicios a nuestra empresa (env\u00edo de newsletters, hosting de datos de p\u00e1gina web), con<\/p>\n\n\n\n<p>todos ellos se tienen firmados los contratos de protecci\u00f3n de datos como encargados del<\/p>\n\n\n\n<p>tratamiento y en ning\u00fan caso tratar\u00e1n los datos para fines propios.<\/p>\n\n\n\n<p><strong>6. Derechos en relaci\u00f3n con sus datos personales:<\/strong><\/p>\n\n\n\n<p>El usuario podr\u00e1 revocar su Consentimiento en cualquier momento y ejercer los derechos de:<\/p>\n\n\n\n<p>\u2022 Acceso a sus datos para saber cu\u00e1les est\u00e1n siendo objeto de tratamiento.<\/p>\n\n\n\n<p>\u2022 Rectificaci\u00f3n de los datos inexactos.<\/p>\n\n\n\n<p>\u2022 Supresi\u00f3n cuando los datos ya no sean necesarios para los fines que fueron<\/p>\n\n\n\n<p>recogidos.<\/p>\n\n\n\n<p>\u2022 Portabilidad en los casos previstos por la normativa y le ser\u00e1n entregados en formato<\/p>\n\n\n\n<p>estructurado a usted o al nuevo encargado del tratamiento que designe.<\/p>\n\n\n\n<p>\u2022 Limitaci\u00f3n en determinadas circunstancias.<\/p>\n\n\n\n<p>\u2022 Oposici\u00f3n al tratamiento de sus datos por motivos relacionados con su situaci\u00f3n<\/p>\n\n\n\n<p>personal.<\/p>\n\n\n\n<p>El plazo m\u00e1ximo para resolver el ejercicio de los derechos es 1 mes desde la recepci\u00f3n de la<\/p>\n\n\n\n<p>solicitud.<\/p>\n\n\n\n<p>El usuario podr\u00e1 ejercitar sus derechos referidos anteriormente, en los t\u00e9rminos y<\/p>\n\n\n\n<p>condiciones previstas en la legislaci\u00f3n vigente, a la atenci\u00f3n: Protecci\u00f3n de datos en el<\/p>\n\n\n\n<p>domicilio social C\/ Sant Valent\u00ed, 8 08302 Matar\u00f3 o mediante el env\u00edo<\/p>\n\n\n\n<p>de un correo electr\u00f3nico joan@ian-lambert.com<\/p>\n\n\n\n<p>En el caso de no ser atendido satisfactoriamente puede presentar una reclamaci\u00f3n ante la<\/p>\n\n\n\n<p>Autoridad espa\u00f1ola de Protecci\u00f3n de datos.<\/p>\n\n\n\n<p>Asimismo, a trav\u00e9s de la aceptaci\u00f3n la pol\u00edtica de privacidad, reconoce que la informaci\u00f3n y<\/p>\n\n\n\n<p>los datos facilitados son exactos y veraces.<\/p>\n\n\n\n<p>Medidas de seguridad:<\/p>\n\n\n\n<p>BORN BCN S.L. informa que tiene implantadas las medidas de seguridad de<\/p>\n\n\n\n<p>\u00edndole t\u00e9cnica y organizativas necesarias que garantizan la seguridad de los datos de<\/p>\n\n\n\n<p>car\u00e1cter personal y evitan su alteraci\u00f3n, p\u00e9rdida, tratamiento o acceso no autorizado, en<\/p>\n\n\n\n<p>conformidad con el que prev\u00e9 la normativa vigente.<\/p>","protected":false},"excerpt":{"rendered":"<p>La confidencialidad, la seguridad de la informaci\u00f3n y la protecci\u00f3n de datos de car\u00e1cter personal son valores fundamentales en la entidad BORN BCN S.L. Por este motivo, les facilitamos la informaci\u00f3n de nuestra pol\u00edtica de privacidad: \u2022 Qui\u00e9n es el Responsable del tratamiento de sus datos. \u2022 La legitimaci\u00f3n del tratamiento. \u2022 Para qu\u00e9 finalidades [&hellip;]<\/p>","protected":false},"author":1,"featured_media":0,"parent":0,"menu_order":0,"comment_status":"closed","ping_status":"open","template":"","meta":{"_et_pb_use_builder":"","_et_pb_old_content":"","_et_gb_content_width":"","footnotes":""},"class_list":["post-3","page","type-page","status-publish","hentry"],"_links":{"self":[{"href":"https:\/\/ian-lambert.com\/en\/wp-json\/wp\/v2\/pages\/3","targetHints":{"allow":["GET"]}}],"collection":[{"href":"https:\/\/ian-lambert.com\/en\/wp-json\/wp\/v2\/pages"}],"about":[{"href":"https:\/\/ian-lambert.com\/en\/wp-json\/wp\/v2\/types\/page"}],"author":[{"embeddable":true,"href":"https:\/\/ian-lambert.com\/en\/wp-json\/wp\/v2\/users\/1"}],"replies":[{"embeddable":true,"href":"https:\/\/ian-lambert.com\/en\/wp-json\/wp\/v2\/comments?post=3"}],"version-history":[{"count":2,"href":"https:\/\/ian-lambert.com\/en\/wp-json\/wp\/v2\/pages\/3\/revisions"}],"predecessor-version":[{"id":455,"href":"https:\/\/ian-lambert.com\/en\/wp-json\/wp\/v2\/pages\/3\/revisions\/455"}],"wp:attachment":[{"href":"https:\/\/ian-lambert.com\/en\/wp-json\/wp\/v2\/media?parent=3"}],"curies":[{"name":"wp","href":"https:\/\/api.w.org\/{rel}","templated":true}]}}